{"id":17989,"date":"2018-12-19T16:52:54","date_gmt":"2018-12-19T13:52:54","guid":{"rendered":"http:\/\/ildarabdrazakov.com\/?page_id=17989"},"modified":"2018-12-19T16:53:23","modified_gmt":"2018-12-19T13:53:23","slug":"cd","status":"publish","type":"page","link":"https:\/\/ildarabdrazakov.com\/ru\/media\/cd\/","title":{"rendered":"CD"},"content":{"rendered":"<ul>\n<li>Rossini discoveries; Orchestra Sinfonica e Coro di Milano Giuseppe Verdi, Riccardo Chailly; Decca Records; 2002 (CD)<\/li>\n<li>Shostakovich: Words of Michelangelo; BBC Philharmonic, Gianandrea Noseda; Chandos Records; 2006 (CD)<\/li>\n<li>Cherubini: Missa Solemnis in E; Chor und Symphonieorchester des Bayerischen Rundfunks, Riccardo Muti; Warner Classics; 2007 (CD)<\/li>\n<li>Giuseppe Verdi: Messa da Requiem; Youth Orchestra of the Americas, Pl\u00e1cido Domingo; Glor Classics; 2009 (CD&amp;DVD)<\/li>\n<li>Rachmaninoff: The Misery Night; BBC Philharmonic, Gianandrea Noseda; Chandos Records; 2009 (CD)<\/li>\n<li>Verdi: Messa da Requiem; Chicago Symphony Orchestra, Riccardo Muti; CSO Resound; 2009 (CD)<\/li>\n<li>Verdi: Requiem; Opera National de Paris, Philippe Jordan; Erato Records; 2013 (CD)<\/li>\n<li>Power Players, Russian Arias for Bass, Ildar Abdrazakov; Kaunas City Symphony Orchestra, Constantine Orbelian; Delos Records; 2014 (CD)<\/li>\n<li>Verbier Festival: Best of 2014; Erato Records; 2014 (CD)<\/li>\n<li>Prokofiev: Ivan the Terrible; Berlin German Symphony Orchestra, Tugan SokhievTugan Sokhiev; Sony Classical Records; 2014 (CD)<\/li>\n<li>Verdi: Simon Boccanegra; Kaunas City Orchestra, Constantine Orbelian; Delos Records; 2015 (CD)<\/li>\n<li>Duets: Ildar Abdrazakov &amp; Rolando Villaz\u00f3n; Orchestre Symphonique De Montreal, Yannick N\u00e9zet -S\u00e9guin; Deutsche Grammophon; 2017 (CD)<\/li>\n<\/ul>\n","protected":false},"excerpt":{"rendered":"<p>Rossini discoveries; Orchestra Sinfonica e Coro di Milano Giuseppe Verdi, Riccardo Chailly; Decca Records; 2002 (CD) Shostakovich: Words of Michelangelo; BBC Philharmonic, Gianandrea Noseda; Chandos Records; 2006 (CD) Cherubini: Missa [&hellip;]<\/p>\n","protected":false},"author":4,"featured_media":0,"parent":15,"menu_order":0,"comment_status":"closed","ping_status":"closed","template":"page-cd.php","meta":{"_acf_changed":false,"footnotes":""},"class_list":["post-17989","page","type-page","status-publish","hentry","odd"],"acf":[],"aioseo_notices":[],"_links":{"self":[{"href":"https:\/\/ildarabdrazakov.com\/ru\/wp-json\/wp\/v2\/pages\/17989","targetHints":{"allow":["GET"]}}],"collection":[{"href":"https:\/\/ildarabdrazakov.com\/ru\/wp-json\/wp\/v2\/pages"}],"about":[{"href":"https:\/\/ildarabdrazakov.com\/ru\/wp-json\/wp\/v2\/types\/page"}],"author":[{"embeddable":true,"href":"https:\/\/ildarabdrazakov.com\/ru\/wp-json\/wp\/v2\/users\/4"}],"replies":[{"embeddable":true,"href":"https:\/\/ildarabdrazakov.com\/ru\/wp-json\/wp\/v2\/comments?post=17989"}],"version-history":[{"count":2,"href":"https:\/\/ildarabdrazakov.com\/ru\/wp-json\/wp\/v2\/pages\/17989\/revisions"}],"predecessor-version":[{"id":17991,"href":"https:\/\/ildarabdrazakov.com\/ru\/wp-json\/wp\/v2\/pages\/17989\/revisions\/17991"}],"up":[{"embeddable":true,"href":"https:\/\/ildarabdrazakov.com\/ru\/wp-json\/wp\/v2\/pages\/15"}],"wp:attachment":[{"href":"https:\/\/ildarabdrazakov.com\/ru\/wp-json\/wp\/v2\/media?parent=17989"}],"curies":[{"name":"wp","href":"https:\/\/api.w.org\/{rel}","templated":true}]}}